{"id":13625,"date":"2026-01-27T19:33:58","date_gmt":"2026-01-27T19:33:58","guid":{"rendered":"https:\/\/trident-clinic.com\/?page_id=13625"},"modified":"2026-01-27T19:42:00","modified_gmt":"2026-01-27T19:42:00","slug":"terms-condition","status":"publish","type":"page","link":"https:\/\/trident-clinic.com\/it\/terms-condition\/","title":{"rendered":"Termini e Condizioni"},"content":{"rendered":"<div data-elementor-type=\"wp-page\" data-elementor-id=\"13625\" class=\"elementor elementor-13625\">\n\t\t\t\t<div class=\"elementor-element elementor-element-db853d6 e-flex e-con-boxed rt-parallax-bg-no e-con e-parent\" data-id=\"db853d6\" data-element_type=\"container\">\n\t\t\t\t\t<div class=\"e-con-inner\">\n\t\t\t\t<div class=\"elementor-element elementor-element-96f6a9f elementor-widget elementor-widget-text-editor\" data-id=\"96f6a9f\" data-element_type=\"widget\" data-widget_type=\"text-editor.default\">\n\t\t\t\t\t\t\t\t\t<h4 data-start=\"148\" data-end=\"182\">Termini e Condizioni d'Uso<\/h4><p data-start=\"184\" data-end=\"362\">Utilizzando il sito web https:\/\/trident-clinic.com, <strong data-start=\"217\" data-end=\"247\"><a class=\"decorated-link\" href=\"https:\/\/trident-clinic.com\/it\/\" target=\"_new\" rel=\"noopener\" data-start=\"219\" data-end=\"245\">https:\/\/trident-clinic.com<\/a><\/strong>accetti i presenti Termini e Condizioni. Se non accetti qualsiasi parte di essi, ti preghiamo di non utilizzare il sito.<\/p><h4 data-start=\"364\" data-end=\"397\">1. Informazioni Generali<\/h4><p data-start=\"398\" data-end=\"614\">Questo sito web \u00e8 gestito da Trident Clinic, <strong data-start=\"430\" data-end=\"448\">Vai alla trident-clinic.com<\/strong>una clinica odontoiatrica che fornisce servizi odontoiatrici e informativi. Il contenuto di questo sito web ha solo scopo informativo e non sostituisce la consulenza odontoiatrica professionale.<\/p><h4 data-start=\"616\" data-end=\"645\">2. Utilizzo del sito web<\/h4><p data-start=\"646\" data-end=\"664\">L'utente si impegna a:<\/p><ul data-start=\"665\" data-end=\"847\"><li data-start=\"665\" data-end=\"721\"><p data-start=\"667\" data-end=\"721\">Utilizzare il sito web solo per scopi leciti<\/p><\/li><li data-start=\"722\" data-end=\"778\"><p data-start=\"724\" data-end=\"778\">Non danneggiare la funzionalit\u00e0 o la sicurezza del sito web<\/p><\/li><li data-start=\"779\" data-end=\"847\"><p data-start=\"781\" data-end=\"847\">Non utilizzare il sito web per scopi fraudolenti o abusivi<\/p><\/li><\/ul><p data-start=\"849\" data-end=\"953\">Trident Clinic si riserva il diritto di limitare o vietare l'accesso agli utenti che violano i presenti termini.<\/p><h4 data-start=\"955\" data-end=\"986\">3. Servizi e prenotazioni<\/h4><p data-start=\"987\" data-end=\"1097\">Le informazioni su servizi, prezzi e orari sono puramente informative e possono variare senza preavviso.<\/p><p data-start=\"1099\" data-end=\"1256\">Le prenotazioni effettuate tramite il sito web, telefono o altri canali <strong data-start=\"1180\" data-end=\"1214\">non sono considerate<\/strong> definitive fino alla conferma da parte di Trident Clinic.<\/p><h4 data-start=\"1258\" data-end=\"1287\">4. Responsabilit\u00e0 medica<\/h4><p data-start=\"1288\" data-end=\"1423\">Il contenuto di questo sito web non costituisce una diagnosi o un trattamento medico. Qualsiasi trattamento odontoiatrico viene eseguito solo dopo una visita medica con un dentista.<\/p><p data-start=\"1425\" data-end=\"1551\">Trident Clinic non \u00e8 responsabile per le decisioni prese dagli utenti basandosi esclusivamente sulle informazioni pubblicate sul sito web.<\/p>\t\t\t\t\t\t\t\t<\/div>\n\t\t\t\t\t<\/div>\n\t\t\t\t<\/div>\n\t\t\t\t<\/div>","protected":false},"excerpt":{"rendered":"<p>Kushtet dhe Termat e P\u00ebrdorimit Duke p\u00ebrdorur faqen e internetit https:\/\/trident-clinic.com, ju pranoni k\u00ebto Kushte dhe Terma. N\u00ebse nuk pajtoheni me ndonj\u00eb pjes\u00eb t\u00eb tyre, ju lutemi mos e p\u00ebrdorni k\u00ebt\u00eb faqe. 1. Informacion i p\u00ebrgjithsh\u00ebm Kjo faqe interneti operohet nga Trident Clinic, klinik\u00eb dentare q\u00eb ofron sh\u00ebrbime stomatologjike dhe informuese. P\u00ebrmbajtja n\u00eb k\u00ebt\u00eb website [&hellip;]<\/p>","protected":false},"author":2,"featured_media":0,"parent":0,"menu_order":0,"comment_status":"closed","ping_status":"closed","template":"","meta":{"pagelayer_contact_templates":[],"_pagelayer_content":"","footnotes":""},"class_list":["post-13625","page","type-page","status-publish","hentry"],"_links":{"self":[{"href":"https:\/\/trident-clinic.com\/it\/wp-json\/wp\/v2\/pages\/13625","targetHints":{"allow":["GET"]}}],"collection":[{"href":"https:\/\/trident-clinic.com\/it\/wp-json\/wp\/v2\/pages"}],"about":[{"href":"https:\/\/trident-clinic.com\/it\/wp-json\/wp\/v2\/types\/page"}],"author":[{"embeddable":true,"href":"https:\/\/trident-clinic.com\/it\/wp-json\/wp\/v2\/users\/2"}],"replies":[{"embeddable":true,"href":"https:\/\/trident-clinic.com\/it\/wp-json\/wp\/v2\/comments?post=13625"}],"version-history":[{"count":0,"href":"https:\/\/trident-clinic.com\/it\/wp-json\/wp\/v2\/pages\/13625\/revisions"}],"wp:attachment":[{"href":"https:\/\/trident-clinic.com\/it\/wp-json\/wp\/v2\/media?parent=13625"}],"curies":[{"name":"wp","href":"https:\/\/api.w.org\/{rel}","templated":true}]}}