{"id":13622,"date":"2026-01-27T19:32:29","date_gmt":"2026-01-27T19:32:29","guid":{"rendered":"https:\/\/trident-clinic.com\/?page_id=13622"},"modified":"2026-01-27T19:40:12","modified_gmt":"2026-01-27T19:40:12","slug":"privacy-policy","status":"publish","type":"page","link":"https:\/\/trident-clinic.com\/it\/privacy-policy\/","title":{"rendered":"Politica sulla riservatezza"},"content":{"rendered":"<div data-elementor-type=\"wp-page\" data-elementor-id=\"13622\" class=\"elementor elementor-13622\">\n\t\t\t\t<div class=\"elementor-element elementor-element-a633bc0 e-flex e-con-boxed rt-parallax-bg-no e-con e-parent\" data-id=\"a633bc0\" data-element_type=\"container\">\n\t\t\t\t\t<div class=\"e-con-inner\">\n\t\t\t\t<div class=\"elementor-element elementor-element-94fb09e elementor-widget elementor-widget-text-editor\" data-id=\"94fb09e\" data-element_type=\"widget\" data-widget_type=\"text-editor.default\">\n\t\t\t\t\t\t\t\t\t<h4 data-start=\"136\" data-end=\"161\">Informativa sulla privacy<\/h4><p data-start=\"163\" data-end=\"448\">N\u00eb <strong data-start=\"166\" data-end=\"184\">Vai alla trident-clinic.com<\/strong>rispettiamo e proteggiamo la privacy dei nostri pazienti e visitatori. La presente Informativa sulla privacy spiega come raccogliamo, utilizziamo e memorizziamo i dati personali quando visitate il nostro sito web https:\/\/trident-clinic.com o utilizzate i nostri servizi. <strong data-start=\"389\" data-end=\"419\"><a class=\"decorated-link\" href=\"https:\/\/trident-clinic.com\/it\/\" target=\"_new\" rel=\"noopener\" data-start=\"391\" data-end=\"417\">https:\/\/trident-clinic.com<\/a><\/strong> ose p\u00ebrdorni sh\u00ebrbimet tona.<\/p><h4 data-start=\"450\" data-end=\"481\">1. Informazioni che raccogliamo<\/h4><p data-start=\"482\" data-end=\"573\">Potremmo raccogliere dati personali solo quando forniti volontariamente, tra cui:<\/p><ul data-start=\"574\" data-end=\"786\"><li data-start=\"574\" data-end=\"594\"><p data-start=\"576\" data-end=\"594\">Nome e cognome<\/p><\/li><li data-start=\"595\" data-end=\"613\"><p data-start=\"597\" data-end=\"613\">Numero di telefono<\/p><\/li><li data-start=\"614\" data-end=\"631\"><p data-start=\"616\" data-end=\"631\">Indirizzo email<\/p><\/li><li data-start=\"632\" data-end=\"717\"><p data-start=\"634\" data-end=\"717\">Informazioni inviate tramite moduli di contatto o di prenotazione appuntamenti<\/p><\/li><li data-start=\"718\" data-end=\"786\"><p data-start=\"720\" data-end=\"786\">Informazioni tecniche come indirizzo IP, browser e dispositivo utilizzato<\/p><\/li><\/ul><h4 data-start=\"788\" data-end=\"824\">2. Come utilizziamo i tuoi dati<\/h4><p data-start=\"825\" data-end=\"858\">I dati personali vengono utilizzati per:<\/p><ul data-start=\"859\" data-end=\"1055\"><li data-start=\"859\" data-end=\"916\"><p data-start=\"861\" data-end=\"916\">Gestire le prenotazioni e comunicare con i pazienti<\/p><\/li><li data-start=\"917\" data-end=\"964\"><p data-start=\"919\" data-end=\"964\">Rispondere alle tue richieste e domande<\/p><\/li><li data-start=\"965\" data-end=\"1018\"><p data-start=\"967\" data-end=\"1018\">Migliorare i servizi e l'esperienza del sito web<\/p><\/li><li data-start=\"1019\" data-end=\"1055\"><p data-start=\"1021\" data-end=\"1055\">Finalit\u00e0 amministrative e legali<\/p><\/li><\/ul><p data-start=\"1057\" data-end=\"1206\"><strong data-start=\"1057\" data-end=\"1150\">Trident Clinic non vende, distribuisce o trasferisce dati personali a terzi senza il tuo consenso<\/strong> , salvo quanto richiesto dalla legge.<\/p><h4 data-start=\"1208\" data-end=\"1222\">3. Cookie<\/h4><p data-start=\"1223\" data-end=\"1345\">Il nostro sito web utilizza i cookie per migliorare la funzionalit\u00e0 e analizzare l'utilizzo del sito web. I cookie aiutano a:<\/p><ul data-start=\"1346\" data-end=\"1425\"><li data-start=\"1346\" data-end=\"1374\"><p data-start=\"1348\" data-end=\"1374\">Migliorare la navigazione<\/p><\/li><li data-start=\"1375\" data-end=\"1425\"><p data-start=\"1377\" data-end=\"1425\">Analizzare il traffico e il comportamento dei visitatori<\/p><\/li><\/ul><p data-start=\"1427\" data-end=\"1508\">\u00c8 possibile disabilitare i cookie in qualsiasi momento tramite le impostazioni del browser.<\/p><h4 data-start=\"1510\" data-end=\"1537\">4. Sicurezza dei dati<\/h4><p data-start=\"1538\" data-end=\"1666\">Adottiamo misure tecniche e organizzative per proteggere i dati personali da accessi non autorizzati, perdite o usi impropri.<\/p><h4 data-start=\"1668\" data-end=\"1691\">5. I tuoi diritti<\/h4><p data-start=\"1692\" data-end=\"1710\">Hai il diritto di:<\/p><ul data-start=\"1711\" data-end=\"1841\"><li data-start=\"1711\" data-end=\"1752\"><p data-start=\"1713\" data-end=\"1752\">Accedere ai tuoi dati personali<\/p><\/li><li data-start=\"1753\" data-end=\"1799\"><p data-start=\"1755\" data-end=\"1799\">Richiederne la correzione o la cancellazione<\/p><\/li><li data-start=\"1800\" data-end=\"1841\"><p data-start=\"1802\" data-end=\"1841\">Revocare il tuo consenso in qualsiasi momento<\/p><\/li><\/ul><p data-start=\"1843\" data-end=\"1928\">Per esercitare questi diritti, puoi contattarci ai recapiti indicati di seguito.<\/p><h4 data-start=\"1930\" data-end=\"1962\">6. Link a siti esterni<\/h4><p data-start=\"1963\" data-end=\"2121\">Il nostro sito web potrebbe contenere link ad altri siti. Trident Clinic non \u00e8 responsabile del contenuto o delle politiche sulla privacy di questi siti.<\/p><h4 data-start=\"2123\" data-end=\"2166\">7. Modifiche all'Informativa sulla privacy<\/h4><p data-start=\"2167\" data-end=\"2289\">Ci riserviamo il diritto di aggiornare la presente Informativa sulla privacy in qualsiasi momento. Eventuali modifiche saranno pubblicate su questa pagina.<\/p>\t\t\t\t\t\t\t\t<\/div>\n\t\t\t\t\t<\/div>\n\t\t\t\t<\/div>\n\t\t\t\t<\/div>","protected":false},"excerpt":{"rendered":"<p>Politika e Privat\u00ebsis\u00eb N\u00eb Trident Clinic, ne respektojm\u00eb dhe mbrojm\u00eb privat\u00ebsin\u00eb e pacient\u00ebve dhe vizitor\u00ebve tan\u00eb. Kjo Politik\u00eb e Privat\u00ebsis\u00eb shpjegon se si mbledhim, p\u00ebrdorim dhe ruajm\u00eb t\u00eb dh\u00ebnat personale kur vizitoni faqen ton\u00eb t\u00eb internetit https:\/\/trident-clinic.com ose p\u00ebrdorni sh\u00ebrbimet tona. 1. Informacioni q\u00eb mbledhim Ne mund t\u00eb mbledhim informacion personal vet\u00ebm kur ju e [&hellip;]<\/p>","protected":false},"author":2,"featured_media":0,"parent":0,"menu_order":0,"comment_status":"closed","ping_status":"closed","template":"","meta":{"pagelayer_contact_templates":[],"_pagelayer_content":"","footnotes":""},"class_list":["post-13622","page","type-page","status-publish","hentry"],"_links":{"self":[{"href":"https:\/\/trident-clinic.com\/it\/wp-json\/wp\/v2\/pages\/13622","targetHints":{"allow":["GET"]}}],"collection":[{"href":"https:\/\/trident-clinic.com\/it\/wp-json\/wp\/v2\/pages"}],"about":[{"href":"https:\/\/trident-clinic.com\/it\/wp-json\/wp\/v2\/types\/page"}],"author":[{"embeddable":true,"href":"https:\/\/trident-clinic.com\/it\/wp-json\/wp\/v2\/users\/2"}],"replies":[{"embeddable":true,"href":"https:\/\/trident-clinic.com\/it\/wp-json\/wp\/v2\/comments?post=13622"}],"version-history":[{"count":0,"href":"https:\/\/trident-clinic.com\/it\/wp-json\/wp\/v2\/pages\/13622\/revisions"}],"wp:attachment":[{"href":"https:\/\/trident-clinic.com\/it\/wp-json\/wp\/v2\/media?parent=13622"}],"curies":[{"name":"wp","href":"https:\/\/api.w.org\/{rel}","templated":true}]}}