{"id":11661,"date":"2025-08-28T12:17:23","date_gmt":"2025-08-28T12:17:23","guid":{"rendered":"https:\/\/trident-clinic.com\/?page_id=11661"},"modified":"2026-01-25T22:07:33","modified_gmt":"2026-01-25T22:07:33","slug":"case-studies","status":"publish","type":"page","link":"https:\/\/trident-clinic.com\/it\/case-studies\/","title":{"rendered":"Esempi di trattamento"},"content":{"rendered":"<div data-elementor-type=\"wp-page\" data-elementor-id=\"11661\" class=\"elementor elementor-11661\">\n\t\t\t\t<div class=\"elementor-element elementor-element-87460ee e-flex e-con-boxed rt-parallax-bg-no e-con e-parent\" data-id=\"87460ee\" data-element_type=\"container\" data-settings=\"{&quot;background_background&quot;:&quot;classic&quot;}\">\n\t\t\t\t\t<div class=\"e-con-inner\">\n\t\t<div class=\"elementor-element elementor-element-b604ddd e-con-full e-flex rt-parallax-bg-no e-con e-child\" data-id=\"b604ddd\" data-element_type=\"container\">\n\t\t<div class=\"elementor-element elementor-element-8ccba17 e-con-full e-flex rt-parallax-bg-no e-con e-child\" data-id=\"8ccba17\" data-element_type=\"container\">\n\t\t\t\t<div class=\"elementor-element elementor-element-0347427 elementor-invisible elementor-widget elementor-widget-rt-title\" data-id=\"0347427\" data-element_type=\"widget\" data-widget_type=\"rt-title.default\">\n\t\t\t\t<div class=\"elementor-widget-container\">\n\t\t\t\t\t<div class=\"section-title-wrapper\">\r\n\t<div class=\"title-inner-wrapper ah-headline\">\r\n        \t\t<!--Top Sub Title-->\r\n\t\t\t\t\t<div class=\"top-sub-title-wrap wow fadeInUp\" data-wow-delay=\"200ms\" data-wow-duration=\"1200ms\">\r\n                <span class=\"top-sub-title default\">\r\n                    Casi di lavoro                <\/span>\r\n\t\t\t<\/div>\r\n\t\t\r\n\t\t<!--Main Title-->\r\n\t\t        <div class=\"wow fadeInUp\" data-wow-delay=\"400ms\" data-wow-duration=\"1200ms\">\r\n            <h2 class=\"main-title title-gradient-animation no no middle\">Cure odontoiatriche avanzate personalizzate per il tuo sorriso                            <\/h2>\r\n        <\/div>\r\n        \r\n        <!--Description-->\r\n        \r\n\t        <\/div>\r\n<\/div>\t\t\t\t<\/div>\n\t\t\t\t<\/div>\n\t\t\t\t<\/div>\n\t\t<div class=\"elementor-element elementor-element-b5f9b67 e-con-full e-flex rt-parallax-bg-no e-con e-child\" data-id=\"b5f9b67\" data-element_type=\"container\">\n\t\t\t\t<div class=\"elementor-element elementor-element-414b75e elementor-invisible elementor-widget elementor-widget-rt-title\" data-id=\"414b75e\" data-element_type=\"widget\" data-widget_type=\"rt-title.default\">\n\t\t\t\t<div class=\"elementor-widget-container\">\n\t\t\t\t\t<div class=\"section-title-wrapper\">\r\n\t<div class=\"title-inner-wrapper ah-headline\">\r\n        \t\t<!--Top Sub Title-->\r\n\t\t\r\n\t\t<!--Main Title-->\r\n\t\t\r\n        <!--Description-->\r\n                    <div class=\"description wow fadeInUp\" data-wow-delay=\"600ms\" data-wow-duration=\"1200ms\"><p>La nostra clinica \u00e8 progettata per rendere il tuo sorriso bello, sano e bianco. Offriamo un'ampia gamma di trattamenti odontoiatrici.<\/p><\/div>\r\n        \r\n\t        <\/div>\r\n<\/div>\t\t\t\t<\/div>\n\t\t\t\t<\/div>\n\t\t\t\t<\/div>\n\t\t\t\t<\/div>\n\t\t<div class=\"elementor-element elementor-element-6a051ed e-con-full e-flex rt-parallax-bg-no e-con e-child\" data-id=\"6a051ed\" data-element_type=\"container\">\n\t\t\t\t<div class=\"elementor-element elementor-element-5f1a7e7 elementor-invisible elementor-widget elementor-widget-rt-project\" data-id=\"5f1a7e7\" data-element_type=\"widget\" data-widget_type=\"rt-project.default\">\n\t\t\t\t<div class=\"elementor-widget-container\">\n\t\t\t\t\t<div class=\"rt-project-default rt-project-multi-layout-2 project-grid-layout-2\">\r\n\t<div class=\"row g-4\">\r\n\t\t                <div class=\"col-xl-6 col-lg-6 col-md-6 col-sm-6 col-xs-12 wow-off fadeInUp\" data-wow-delay=\"200ms\" data-wow-duration=\"1200ms\">\r\n                    <div class=\"project-item\">\r\n                        <div class=\"project-thumbs\">\r\n\t                        \t\t<div class=\"post-thumbnail-wrap\">\r\n\r\n\t\t\t\t\t<figure class=\"post-thumbnail\">\r\n\t\t\t\t<a class=\"post-thumb-link alignwide\" href=\"https:\/\/trident-clinic.com\/it\/rt-project\/%f0%9f%a6%be-rast-4-implant-dentar\/\" aria-hidden=\"true\" tabindex=\"-1\"><img fetchpriority=\"high\" decoding=\"async\" width=\"357\" height=\"253\" src=\"https:\/\/trident-clinic.com\/wp-content\/uploads\/2026\/01\/trident.png\" class=\"attachment-full size-full wp-post-image\" alt=\"\" srcset=\"https:\/\/trident-clinic.com\/wp-content\/uploads\/2026\/01\/trident.png 357w, https:\/\/trident-clinic.com\/wp-content\/uploads\/2026\/01\/trident-300x213.png 300w\" sizes=\"(max-width: 357px) 100vw, 357px\" \/><\/a>\r\n\t\t\t<\/figure><!-- .post-thumbnail -->\r\n\r\n\t\t\t\t\t\r\n\t\t<\/div>\r\n\t\t                        <\/div>\r\n                        <div class=\"project-content d-flex justify-content-between\">\r\n                            <div class=\"project-info\">\r\n                                <h3 class=\"project-title\"><a href=\"https:\/\/trident-clinic.com\/it\/rt-project\/%f0%9f%a6%be-rast-4-implant-dentar\/\">\ud83e\uddbe Caso 4 \u2013 Impianto dentale<\/a><\/h3>\r\n\t\t\t\t                                                    <span class=\"project-cat\">\t\t\t\t\t\t\t\t                <a href=\"https:\/\/trident-clinic.com\/it\/rt-project-category\/rast-dentar\/\">\r\n\t\t\t\t\t\t\t\t                Caso dentale<\/a><\/span>\r\n\t\t\t\t                                            <\/div>\r\n                                                            <div class=\"rt-button\">\r\n                                                                            <a class=\"btn button-2\" href=\"https:\/\/trident-clinic.com\/it\/rt-project\/%f0%9f%a6%be-rast-4-implant-dentar\/\" aria-label=\"project link\"><i class=\"icon-rt-right-arrow\"><\/i><\/a>\r\n                                                                    <\/div>\r\n                                                    <\/div>\r\n                    <\/div>\r\n                <\/div>\r\n                            <div class=\"col-xl-6 col-lg-6 col-md-6 col-sm-6 col-xs-12 wow-off fadeInUp\" data-wow-delay=\"400ms\" data-wow-duration=\"1200ms\">\r\n                    <div class=\"project-item\">\r\n                        <div class=\"project-thumbs\">\r\n\t                        \t\t<div class=\"post-thumbnail-wrap\">\r\n\r\n\t\t\t\t\t<figure class=\"post-thumbnail\">\r\n\t\t\t\t<a class=\"post-thumb-link alignwide\" href=\"https:\/\/trident-clinic.com\/it\/rt-project\/%f0%9f%91%b6-rast-3-trajtim-per-femije\/\" aria-hidden=\"true\" tabindex=\"-1\"><img decoding=\"async\" width=\"2560\" height=\"1707\" src=\"https:\/\/trident-clinic.com\/wp-content\/uploads\/2026\/01\/trident-img-1-scaled.jpg\" class=\"attachment-full size-full wp-post-image\" alt=\"\" srcset=\"https:\/\/trident-clinic.com\/wp-content\/uploads\/2026\/01\/trident-img-1-scaled.jpg 2560w, https:\/\/trident-clinic.com\/wp-content\/uploads\/2026\/01\/trident-img-1-300x200.jpg 300w, https:\/\/trident-clinic.com\/wp-content\/uploads\/2026\/01\/trident-img-1-1024x683.jpg 1024w, https:\/\/trident-clinic.com\/wp-content\/uploads\/2026\/01\/trident-img-1-768x512.jpg 768w, https:\/\/trident-clinic.com\/wp-content\/uploads\/2026\/01\/trident-img-1-1536x1024.jpg 1536w, https:\/\/trident-clinic.com\/wp-content\/uploads\/2026\/01\/trident-img-1-2048x1365.jpg 2048w\" sizes=\"(max-width: 2560px) 100vw, 2560px\" \/><\/a>\r\n\t\t\t<\/figure><!-- .post-thumbnail -->\r\n\r\n\t\t\t\t\t\r\n\t\t<\/div>\r\n\t\t                        <\/div>\r\n                        <div class=\"project-content d-flex justify-content-between\">\r\n                            <div class=\"project-info\">\r\n                                <h3 class=\"project-title\"><a href=\"https:\/\/trident-clinic.com\/it\/rt-project\/%f0%9f%91%b6-rast-3-trajtim-per-femije\/\">\ud83d\udc76 Caso 3 \u2013 Trattamento per bambini<\/a><\/h3>\r\n\t\t\t\t                                                    <span class=\"project-cat\">\t\t\t\t\t\t\t\t                <a href=\"https:\/\/trident-clinic.com\/it\/rt-project-category\/rast-dentar\/\">\r\n\t\t\t\t\t\t\t\t                Caso dentale<\/a><\/span>\r\n\t\t\t\t                                            <\/div>\r\n                                                            <div class=\"rt-button\">\r\n                                                                            <a class=\"btn button-2\" href=\"https:\/\/trident-clinic.com\/it\/rt-project\/%f0%9f%91%b6-rast-3-trajtim-per-femije\/\" aria-label=\"project link\"><i class=\"icon-rt-right-arrow\"><\/i><\/a>\r\n                                                                    <\/div>\r\n                                                    <\/div>\r\n                    <\/div>\r\n                <\/div>\r\n                            <div class=\"col-xl-6 col-lg-6 col-md-6 col-sm-6 col-xs-12 wow-off fadeInUp\" data-wow-delay=\"600ms\" data-wow-duration=\"1200ms\">\r\n                    <div class=\"project-item\">\r\n                        <div class=\"project-thumbs\">\r\n\t                        \t\t<div class=\"post-thumbnail-wrap\">\r\n\r\n\t\t\t\t\t<figure class=\"post-thumbnail\">\r\n\t\t\t\t<a class=\"post-thumb-link alignwide\" href=\"https:\/\/trident-clinic.com\/it\/rt-project\/%f0%9f%98%81-rast-2-aparat-dentar-ortodonci\/\" aria-hidden=\"true\" tabindex=\"-1\"><img decoding=\"async\" width=\"412\" height=\"264\" src=\"https:\/\/trident-clinic.com\/wp-content\/uploads\/2026\/01\/trident-8.png\" class=\"attachment-full size-full wp-post-image\" alt=\"\" srcset=\"https:\/\/trident-clinic.com\/wp-content\/uploads\/2026\/01\/trident-8.png 412w, https:\/\/trident-clinic.com\/wp-content\/uploads\/2026\/01\/trident-8-300x192.png 300w\" sizes=\"(max-width: 412px) 100vw, 412px\" \/><\/a>\r\n\t\t\t<\/figure><!-- .post-thumbnail -->\r\n\r\n\t\t\t\t\t\r\n\t\t<\/div>\r\n\t\t                        <\/div>\r\n                        <div class=\"project-content d-flex justify-content-between\">\r\n                            <div class=\"project-info\">\r\n                                <h3 class=\"project-title\"><a href=\"https:\/\/trident-clinic.com\/it\/rt-project\/%f0%9f%98%81-rast-2-aparat-dentar-ortodonci\/\">\ud83d\ude01 Caso 2 \u2013 Apparecchio dentale (ortodonzia)<\/a><\/h3>\r\n\t\t\t\t                                                    <span class=\"project-cat\">\t\t\t\t\t\t\t\t                <a href=\"https:\/\/trident-clinic.com\/it\/rt-project-category\/rast-dentar\/\">\r\n\t\t\t\t\t\t\t\t                Caso dentale<\/a><\/span>\r\n\t\t\t\t                                            <\/div>\r\n                                                            <div class=\"rt-button\">\r\n                                                                            <a class=\"btn button-2\" href=\"https:\/\/trident-clinic.com\/it\/rt-project\/%f0%9f%98%81-rast-2-aparat-dentar-ortodonci\/\" aria-label=\"project link\"><i class=\"icon-rt-right-arrow\"><\/i><\/a>\r\n                                                                    <\/div>\r\n                                                    <\/div>\r\n                    <\/div>\r\n                <\/div>\r\n                            <div class=\"col-xl-6 col-lg-6 col-md-6 col-sm-6 col-xs-12 wow-off fadeInUp\" data-wow-delay=\"800ms\" data-wow-duration=\"1200ms\">\r\n                    <div class=\"project-item\">\r\n                        <div class=\"project-thumbs\">\r\n\t                        \t\t<div class=\"post-thumbnail-wrap\">\r\n\r\n\t\t\t\t\t<figure class=\"post-thumbnail\">\r\n\t\t\t\t<a class=\"post-thumb-link alignwide\" href=\"https:\/\/trident-clinic.com\/it\/rt-project\/modern-teeth-cleaning\/\" aria-hidden=\"true\" tabindex=\"-1\"><img loading=\"lazy\" decoding=\"async\" width=\"2560\" height=\"1525\" src=\"https:\/\/trident-clinic.com\/wp-content\/uploads\/2024\/07\/trident-img-3-1-1-scaled.png\" class=\"attachment-full size-full wp-post-image\" alt=\"\" srcset=\"https:\/\/trident-clinic.com\/wp-content\/uploads\/2024\/07\/trident-img-3-1-1-scaled.png 2560w, https:\/\/trident-clinic.com\/wp-content\/uploads\/2024\/07\/trident-img-3-1-1-300x179.png 300w, https:\/\/trident-clinic.com\/wp-content\/uploads\/2024\/07\/trident-img-3-1-1-1024x610.png 1024w, https:\/\/trident-clinic.com\/wp-content\/uploads\/2024\/07\/trident-img-3-1-1-768x458.png 768w, https:\/\/trident-clinic.com\/wp-content\/uploads\/2024\/07\/trident-img-3-1-1-1536x915.png 1536w, https:\/\/trident-clinic.com\/wp-content\/uploads\/2024\/07\/trident-img-3-1-1-2048x1220.png 2048w, https:\/\/trident-clinic.com\/wp-content\/uploads\/2024\/07\/trident-img-3-1-1-18x12.png 18w\" sizes=\"(max-width: 2560px) 100vw, 2560px\" \/><\/a>\r\n\t\t\t<\/figure><!-- .post-thumbnail -->\r\n\r\n\t\t\t\t\t\r\n\t\t<\/div>\r\n\t\t                        <\/div>\r\n                        <div class=\"project-content d-flex justify-content-between\">\r\n                            <div class=\"project-info\">\r\n                                <h3 class=\"project-title\"><a href=\"https:\/\/trident-clinic.com\/it\/rt-project\/modern-teeth-cleaning\/\">\ud83e\uddb7 Caso 1 \u2013 Trattamento generale<\/a><\/h3>\r\n\t\t\t\t                                                    <span class=\"project-cat\">\t\t\t\t\t\t\t\t                <a href=\"https:\/\/trident-clinic.com\/it\/rt-project-category\/rast-dentar\/\">\r\n\t\t\t\t\t\t\t\t                Caso dentale<\/a><\/span>\r\n\t\t\t\t                                            <\/div>\r\n                                                            <div class=\"rt-button\">\r\n                                                                            <a class=\"btn button-2\" href=\"https:\/\/trident-clinic.com\/it\/rt-project\/modern-teeth-cleaning\/\" aria-label=\"project link\"><i class=\"icon-rt-right-arrow\"><\/i><\/a>\r\n                                                                    <\/div>\r\n                                                    <\/div>\r\n                    <\/div>\r\n                <\/div>\r\n            \t\t\t<\/div>\r\n<\/div>\t\t\t\t<\/div>\n\t\t\t\t<\/div>\n\t\t\t\t<\/div>\n\t\t\t\t\t<\/div>\n\t\t\t\t<\/div>\n\t\t\t\t<\/div>","protected":false},"excerpt":{"rendered":"<p>Raste t\u00eb Pun\u00ebs Kujdes Dentar i Avancuar i Personalizuar p\u00ebr Buz\u00ebqeshjen Tuaj t\u00eb Vlefshme Klinika jon\u00eb \u00ebsht\u00eb krijuar p\u00ebr ta b\u00ebr\u00eb buz\u00ebqeshjen tuaj t\u00eb bukur, t\u00eb sh\u00ebndetshme dhe t\u00eb bardh\u00eb me nj\u00eb gam\u00eb t\u00eb gjer\u00eb trajtimesh dentare dhe restaurimesh dentare. \ud83e\uddbe Rast 4 \u2013 Implant Dentar Rast Dentar \ud83d\udc76 Rast 3 \u2013 Trajtim p\u00ebr F\u00ebmij\u00eb [&hellip;]<\/p>","protected":false},"author":1,"featured_media":0,"parent":0,"menu_order":0,"comment_status":"closed","ping_status":"closed","template":"elementor_header_footer","meta":{"pagelayer_contact_templates":[],"_pagelayer_content":"","footnotes":""},"class_list":["post-11661","page","type-page","status-publish","hentry"],"_links":{"self":[{"href":"https:\/\/trident-clinic.com\/it\/wp-json\/wp\/v2\/pages\/11661","targetHints":{"allow":["GET"]}}],"collection":[{"href":"https:\/\/trident-clinic.com\/it\/wp-json\/wp\/v2\/pages"}],"about":[{"href":"https:\/\/trident-clinic.com\/it\/wp-json\/wp\/v2\/types\/page"}],"author":[{"embeddable":true,"href":"https:\/\/trident-clinic.com\/it\/wp-json\/wp\/v2\/users\/1"}],"replies":[{"embeddable":true,"href":"https:\/\/trident-clinic.com\/it\/wp-json\/wp\/v2\/comments?post=11661"}],"version-history":[{"count":0,"href":"https:\/\/trident-clinic.com\/it\/wp-json\/wp\/v2\/pages\/11661\/revisions"}],"wp:attachment":[{"href":"https:\/\/trident-clinic.com\/it\/wp-json\/wp\/v2\/media?parent=11661"}],"curies":[{"name":"wp","href":"https:\/\/api.w.org\/{rel}","templated":true}]}}