{"id":11267,"date":"2025-08-28T04:38:28","date_gmt":"2025-08-28T04:38:28","guid":{"rendered":"https:\/\/trident-clinic.com\/?page_id=11267"},"modified":"2026-01-25T23:19:33","modified_gmt":"2026-01-25T23:19:33","slug":"contatto","status":"publish","type":"page","link":"https:\/\/trident-clinic.com\/it\/contatto\/","title":{"rendered":"Contatto"},"content":{"rendered":"<div data-elementor-type=\"wp-page\" data-elementor-id=\"11267\" class=\"elementor elementor-11267\">\n\t\t\t\t<div class=\"elementor-element elementor-element-d6a49fb e-flex e-con-boxed rt-parallax-bg-no e-con e-parent\" data-id=\"d6a49fb\" data-element_type=\"container\">\n\t\t\t\t\t<div class=\"e-con-inner\">\n\t\t<div class=\"elementor-element elementor-element-80b4398 e-con-full e-flex rt-parallax-bg-no e-con e-child\" data-id=\"80b4398\" data-element_type=\"container\">\n\t\t<div class=\"elementor-element elementor-element-eb354c2 e-con-full e-flex rt-parallax-bg-no e-con e-child\" data-id=\"eb354c2\" data-element_type=\"container\">\n\t\t\t\t<div class=\"elementor-element elementor-element-97e3744 elementor-invisible elementor-widget elementor-widget-rt-title\" data-id=\"97e3744\" data-element_type=\"widget\" data-widget_type=\"rt-title.default\">\n\t\t\t\t<div class=\"elementor-widget-container\">\n\t\t\t\t\t<div class=\"section-title-wrapper\">\r\n\t<div class=\"title-inner-wrapper ah-headline\">\r\n        \t\t<!--Top Sub Title-->\r\n\t\t\r\n\t\t<!--Main Title-->\r\n\t\t        <div class=\"wow fadeInUp\" data-wow-delay=\"400ms\" data-wow-duration=\"1200ms\">\r\n            <h2 class=\"main-title title-gradient-animation no no middle\">Contattaci                            <\/h2>\r\n        <\/div>\r\n        \r\n        <!--Description-->\r\n                    <div class=\"description wow fadeInUp\" data-wow-delay=\"600ms\" data-wow-duration=\"1200ms\"><p>Contattateci facilmente online, telefonicamente o venendoci a trovare.<\/p><\/div>\r\n        \r\n\t        <\/div>\r\n<\/div>\t\t\t\t<\/div>\n\t\t\t\t<\/div>\n\t\t\t\t<\/div>\n\t\t\t\t<\/div>\n\t\t<div class=\"elementor-element elementor-element-2f4f14f e-con-full e-flex rt-parallax-bg-no e-con e-child\" data-id=\"2f4f14f\" data-element_type=\"container\">\n\t\t<div class=\"elementor-element elementor-element-564e4fc e-con-full e-flex rt-parallax-bg-no e-con e-child\" data-id=\"564e4fc\" data-element_type=\"container\">\n\t\t\t\t<div class=\"elementor-element elementor-element-d8d5b8e elementor-invisible elementor-widget elementor-widget-rt-info-box\" data-id=\"d8d5b8e\" data-element_type=\"widget\" data-widget_type=\"rt-info-box.default\">\n\t\t\t\t<div class=\"elementor-widget-container\">\n\t\t\t\t\t\r\n<div class=\"rt-info-box rt-info-layout-2\" data-parallax='{\"y\" : , \"x\" : }'>\r\n    <div class=\"info-box wow fadeInUp\" data-wow-delay=\"200ms\" data-wow-duration=\"1200ms\">\r\n\t\t            <div class=\"info-icon-holder icon-holder\">\r\n                <div class=\"info-icon\">\r\n\t\t            <svg xmlns=\"http:\/\/www.w3.org\/2000\/svg\" width=\"48\" height=\"58\" viewbox=\"0 0 48 58\" fill=\"none\"><path d=\"M23.83 57.67C23.41 57.67 22.99 57.55 22.62 57.3C21.7 56.68 0 41.9 0 23.99C0 17.59 2.48 11.56 6.98 7.04C11.48 2.5 17.46 0 23.83 0C30.2 0 36.19 2.5 40.69 7.03C45.19 11.56 47.67 17.58 47.67 23.98C47.67 41.9 25.97 56.67 25.04 57.29C24.67 57.54 24.25 57.66 23.83 57.66V57.67ZM23.83 4.33C18.62 4.33 13.73 6.37 10.05 10.08C6.36 13.79 4.33 18.73 4.33 23.98C4.33 37.36 19.4 49.54 23.83 52.83C28.26 49.54 43.33 37.36 43.33 23.98C43.33 18.73 41.3 13.79 37.61 10.08C33.93 6.37 29.03 4.33 23.83 4.33Z\" fill=\"white\"><\/path><path d=\"M23.83 33.42C18.65 33.42 14.44 29.19 14.44 23.98C14.44 18.77 18.65 14.54 23.83 14.54C29.01 14.54 33.22 18.77 33.22 23.98C33.22 29.19 29.01 33.42 23.83 33.42ZM23.83 18.88C21.04 18.88 18.78 21.17 18.78 23.99C18.78 26.81 21.05 29.1 23.83 29.1C26.61 29.1 28.89 26.81 28.89 23.99C28.89 21.17 26.62 18.88 23.83 18.88Z\" fill=\"white\"><\/path><\/svg>                <\/div>\r\n            <\/div>\r\n\t\t\r\n        <div class=\"info-content-holder\">\r\n\t\t\t            <h3 class=\"info-title\"><a >Indirizzo<\/a><\/h3>\r\n\t                                    <div class=\"content-holder\"><p>Tri Dent Clinic - Dental Tourism, Elbasan, Shqip\u00ebri<\/p><\/div>\r\n                                <\/div>\r\n    <\/div>\r\n<\/div>\t\t\t\t<\/div>\n\t\t\t\t<\/div>\n\t\t\t\t<\/div>\n\t\t<div class=\"elementor-element elementor-element-bc0e2a8 e-con-full e-flex rt-parallax-bg-no e-con e-child\" data-id=\"bc0e2a8\" data-element_type=\"container\">\n\t\t\t\t<div class=\"elementor-element elementor-element-7e8751d elementor-invisible elementor-widget elementor-widget-rt-info-box\" data-id=\"7e8751d\" data-element_type=\"widget\" data-widget_type=\"rt-info-box.default\">\n\t\t\t\t<div class=\"elementor-widget-container\">\n\t\t\t\t\t\r\n<div class=\"rt-info-box rt-info-layout-2\" data-parallax='{\"y\" : , \"x\" : }'>\r\n    <div class=\"info-box wow fadeInUp\" data-wow-delay=\"200ms\" data-wow-duration=\"1200ms\">\r\n\t\t            <div class=\"info-icon-holder icon-holder\">\r\n                <div class=\"info-icon\">\r\n\t\t            <svg xmlns=\"http:\/\/www.w3.org\/2000\/svg\" width=\"20\" height=\"20\" viewbox=\"0 0 20 20\" fill=\"none\"><path fill-rule=\"evenodd\" clip-rule=\"evenodd\" d=\"M13.9725 19C13.7947 19 13.617 19 13.4281 18.9778C12.4947 18.9 11.4836 18.6444 10.417 18.2111C8.49474 17.4222 6.57252 16.1333 5.2614 14.7667C3.87252 13.4444 2.58363 11.5222 1.79474 9.58889C1.3614 8.52222 1.10585 7.51111 1.02807 6.57778C0.939182 5.48889 1.10585 4.54444 1.52807 3.76667C1.61696 3.6 1.72807 3.45556 1.8614 3.32222L3.61696 1.56667C3.98363 1.2 4.45029 1 4.97252 1C5.53918 1 6.01696 1.22222 6.37252 1.61111L8.63918 4.06667C9.33918 4.82222 9.31696 5.98889 8.59474 6.72222L7.12807 8.18889C7.00585 8.32222 6.95029 8.46667 6.97252 8.65555C7.11696 9.61111 7.61696 10.5333 8.50585 11.4667C9.4614 12.3778 10.3836 12.8889 11.3392 13.0222H11.3836C11.5947 13.0222 11.7058 12.9667 11.8058 12.8667L13.2725 11.4C13.6392 11.0333 14.117 10.8333 14.6281 10.8333C15.1058 10.8333 15.5725 11.0111 15.9281 11.3444L18.3836 13.6111C18.7725 13.9778 18.9836 14.4444 18.9947 14.9778C19.0058 15.5111 18.8058 15.9889 18.4392 16.3667L16.6836 18.1333C16.5503 18.2667 16.4058 18.3778 16.2392 18.4667C15.5947 18.8111 14.8392 18.9889 13.9725 18.9889V19ZM4.97252 2.37778C4.81696 2.37778 4.70585 2.42222 4.59474 2.53333L2.83918 4.3C2.83918 4.3 2.77252 4.36667 2.75029 4.42222C1.43918 6.86667 3.91696 11.5667 6.20585 13.7444C8.01696 15.6444 11.4503 17.6333 13.9725 17.6333C14.6058 17.6333 15.1503 17.5111 15.5947 17.2667C15.6503 17.2333 15.6836 17.2111 15.717 17.1778L17.4836 15.4222C17.5947 15.3111 17.6503 15.1889 17.6392 15.0333C17.6281 14.8778 17.5836 14.7556 17.4725 14.6444L15.017 12.3778C14.917 12.2889 14.7836 12.2333 14.6503 12.2333C14.5058 12.2333 14.3725 12.2889 14.2725 12.3889L12.8058 13.8556C12.4392 14.2222 11.9725 14.4222 11.4614 14.4222C11.3614 14.4222 11.2614 14.4222 11.1614 14.4C9.91696 14.2111 8.75029 13.5889 7.60585 12.5C6.43918 11.2778 5.81696 10.1111 5.63918 8.86667C5.55029 8.25556 5.73918 7.66667 6.17252 7.23333L7.63918 5.76667C7.83918 5.55556 7.85029 5.23333 7.65029 5.02222L5.37252 2.55556C5.2614 2.43333 5.15029 2.38889 4.98363 2.38889V2.27778L4.97252 2.38889V2.37778Z\" fill=\"white\"><\/path><\/svg>                <\/div>\r\n            <\/div>\r\n\t\t\r\n        <div class=\"info-content-holder\">\r\n\t\t\t            <h3 class=\"info-title\"><a >Telefonia<\/a><\/h3>\r\n\t                                    <div class=\"content-holder\"><p>+355 68 473 0268<\/p><\/div>\r\n                                <\/div>\r\n    <\/div>\r\n<\/div>\t\t\t\t<\/div>\n\t\t\t\t<\/div>\n\t\t\t\t<\/div>\n\t\t<div class=\"elementor-element elementor-element-55420b7 e-con-full e-flex rt-parallax-bg-no e-con e-child\" data-id=\"55420b7\" data-element_type=\"container\">\n\t\t\t\t<div class=\"elementor-element elementor-element-d2c0dd6 elementor-invisible elementor-widget elementor-widget-rt-info-box\" data-id=\"d2c0dd6\" data-element_type=\"widget\" data-widget_type=\"rt-info-box.default\">\n\t\t\t\t<div class=\"elementor-widget-container\">\n\t\t\t\t\t\r\n<div class=\"rt-info-box rt-info-layout-2\" data-parallax='{\"y\" : , \"x\" : }'>\r\n    <div class=\"info-box wow fadeInUp\" data-wow-delay=\"200ms\" data-wow-duration=\"1200ms\">\r\n\t\t            <div class=\"info-icon-holder icon-holder\">\r\n                <div class=\"info-icon\">\r\n\t\t            <svg xmlns=\"http:\/\/www.w3.org\/2000\/svg\" width=\"18\" height=\"14\" viewbox=\"0 0 18 14\" fill=\"none\"><path d=\"M16 3.06836L8.85156 7.75977C8.66837 7.87997 8.43124 7.87997 8.24805 7.75977L1.09961 3.06836V11.0498C1.09961 11.538 1.5394 11.9998 2.14941 12H14.9502C15.5602 11.9998 16 11.538 16 11.0498V3.06836ZM2.14941 1.09961C1.65351 1.09977 1.26959 1.40482 1.14355 1.78125L8.5498 6.6416L15.9551 1.78125C15.8289 1.40495 15.446 1.09977 14.9502 1.09961H2.14941ZM17.0996 11.0498C17.0996 12.2113 16.0998 13.0994 14.9502 13.0996H2.14941C0.999798 13.0994 8.86523e-09 12.2113 0 11.0498V2.0498C1.19472e-08 0.888282 0.999798 0.000201257 2.14941 0H14.9502C16.0998 0.000200797 17.0996 0.888281 17.0996 2.0498V11.0498Z\" fill=\"#C8D6FB\"><\/path><\/svg>                <\/div>\r\n            <\/div>\r\n\t\t\r\n        <div class=\"info-content-holder\">\r\n\t\t\t            <h3 class=\"info-title\"><a >E-mail<\/a><\/h3>\r\n\t                                    <div class=\"content-holder\"><p>info@tridentclinic.com<\/p><\/div>\r\n                                <\/div>\r\n    <\/div>\r\n<\/div>\t\t\t\t<\/div>\n\t\t\t\t<\/div>\n\t\t\t\t<\/div>\n\t\t<div class=\"elementor-element elementor-element-50674b2 e-con-full elementor-hidden-tablet elementor-hidden-mobile e-flex rt-parallax-bg-no e-con e-child\" data-id=\"50674b2\" data-element_type=\"container\">\n\t\t\t\t<\/div>\n\t\t\t\t<\/div>\n\t\t<div class=\"elementor-element elementor-element-2d039ea e-con-full e-flex rt-parallax-bg-no e-con e-child\" data-id=\"2d039ea\" data-element_type=\"container\">\n\t\t<div class=\"elementor-element elementor-element-9606877 e-con-full e-flex rt-parallax-bg-no e-con e-child\" data-id=\"9606877\" data-element_type=\"container\">\n\t\t<div class=\"elementor-element elementor-element-adaa846 e-con-full e-flex rt-parallax-bg-no e-con e-child\" data-id=\"adaa846\" data-element_type=\"container\">\n\t\t\t\t<div class=\"elementor-element elementor-element-e5f1278 elementor-invisible elementor-widget elementor-widget-rt-title\" data-id=\"e5f1278\" data-element_type=\"widget\" data-widget_type=\"rt-title.default\">\n\t\t\t\t<div class=\"elementor-widget-container\">\n\t\t\t\t\t<div class=\"section-title-wrapper\">\r\n\t<div class=\"title-inner-wrapper ah-headline\">\r\n        \t\t<!--Top Sub Title-->\r\n\t\t\r\n\t\t<!--Main Title-->\r\n\t\t        <div class=\"wow fadeInUp\" data-wow-delay=\"400ms\" data-wow-duration=\"1200ms\">\r\n            <h2 class=\"main-title title-gradient-animation no no middle\">Hai qualche domanda?                            <\/h2>\r\n        <\/div>\r\n        \r\n        <!--Description-->\r\n                    <div class=\"description wow fadeInUp\" data-wow-delay=\"600ms\" data-wow-duration=\"1200ms\"><p>Basta inviare un messaggio al nostro team amministrativo e ti risponderemo il prima possibile.<\/p><\/div>\r\n        \r\n\t        <\/div>\r\n<\/div>\t\t\t\t<\/div>\n\t\t\t\t<\/div>\n\t\t\t\t<div class=\"elementor-element elementor-element-348fbe6 fluentform-widget-submit-button-custom elementor-widget elementor-widget-fluent-form-widget\" data-id=\"348fbe6\" data-element_type=\"widget\" data-widget_type=\"fluent-form-widget.default\">\n\t\t\t\t<div class=\"elementor-widget-container\">\n\t\t\t\t\t\n            <div class=\"fluentform-widget-wrapper fluentform-widget-align-default\">\n\n            \n            <div class='fluentform ff-default fluentform_wrapper_7 ffs_default_wrap'><form data-form_id=\"7\" id=\"fluentform_7\" class=\"frm-fluent-form fluent_form_7 ff-el-form-top ff_form_instance_7_1 ff-form-loading ffs_default\" data-form_instance=\"ff_form_instance_7_1\" method=\"POST\" action=\"\" ><fieldset  style=\"border: none!important;margin: 0!important;padding: 0!important;background-color: transparent!important;box-shadow: none!important;outline: none!important; min-inline-size: 100%;\">\n                    <legend class=\"ff_screen_reader_title\" style=\"display: block; margin: 0!important;padding: 0!important;height: 0!important;text-indent: -999999px;width: 0!important;overflow:hidden;\">Contact Form<\/legend><p style=\"display: none !important;\" class=\"akismet-fields-container\" data-prefix=\"ak_\"><label>&#916;<textarea name=\"ak_hp_textarea\" cols=\"45\" rows=\"8\" maxlength=\"100\"><\/textarea><\/label><input type=\"hidden\" id=\"ak_js_1\" name=\"ak_js\" value=\"126\"\/><script>document.getElementById( \"ak_js_1\" ).setAttribute( \"value\", ( new Date() ).getTime() );<\/script><\/p><input type='hidden' name='__fluent_form_embded_post_id' value='11267' \/><input type=\"hidden\" id=\"_fluentform_7_fluentformnonce\" name=\"_fluentform_7_fluentformnonce\" value=\"118a397148\" \/><input type=\"hidden\" name=\"_wp_http_referer\" value=\"\/it\/wp-json\/wp\/v2\/pages\/11267\" \/><div class='ff-el-group'><div class='ff-el-input--content'><input type=\"text\" name=\"input_text\" class=\"ff-el-form-control\" placeholder=\"Scrivi il tuo nome.\" data-name=\"input_text\" id=\"ff_7_input_text\"  aria-invalid=\"false\" aria-required=\"false\"><\/div><\/div><div class='ff-el-group'><div class='ff-el-input--content'><input type=\"email\" name=\"email\" id=\"ff_7_email\" class=\"ff-el-form-control\" placeholder=\"Email\" data-name=\"email\"  aria-invalid=\"false\" aria-required=\"false\"><\/div><\/div><div class='ff-el-group'><div class='ff-el-input--content'><input type=\"text\" name=\"input_text_1\" class=\"ff-el-form-control\" placeholder=\"Numero di telefono\" data-name=\"input_text_1\" id=\"ff_7_input_text_1\"  aria-invalid=\"false\" aria-required=\"false\"><\/div><\/div><div class='ff-el-group'><div class='ff-el-input--content'><input type=\"text\" name=\"input_text_2\" class=\"ff-el-form-control\" placeholder=\"Descrizione\" data-name=\"input_text_2\" id=\"ff_7_input_text_2\"  aria-invalid=\"false\" aria-required=\"false\"><\/div><\/div><div class='ff-el-group'><div class='ff-el-input--content'><textarea aria-required=\"false\" aria-labelledby=\"label_ff_7_description\" name=\"description\" id=\"ff_7_description\" class=\"ff-el-form-control\" placeholder=\"commento\" rows=\"3\" cols=\"2\" data-name=\"description\" ><\/textarea><\/div><\/div><div class='ff-el-group ff-text-left ff_submit_btn_wrapper'><button type=\"submit\" class=\"ff-btn ff-btn-submit ff-btn-md ff_btn_no_style\"  aria-label=\"Invia messaggio\">Invia messaggio<\/button><\/div><\/fieldset><input type=\"hidden\" name=\"trp-form-language\" value=\"it\"\/><\/form><div id='fluentform_7_errors' class='ff-errors-in-stack ff_form_instance_7_1 ff-form-loading_errors ff_form_instance_7_1_errors'><\/div><\/div>            <script type=\"text\/javascript\">\n                window.fluent_form_ff_form_instance_7_1 = {\"id\":\"7\",\"settings\":{\"layout\":{\"labelPlacement\":\"top\",\"asteriskPlacement\":\"asterisk-right\",\"helpMessagePlacement\":\"with_label\",\"errorMessagePlacement\":\"inline\",\"cssClassName\":\"\"},\"restrictions\":{\"denyEmptySubmission\":{\"enabled\":false}}},\"form_instance\":\"ff_form_instance_7_1\",\"form_id_selector\":\"fluentform_7\",\"rules\":{\"input_text\":{\"required\":{\"value\":false,\"message\":\"Questo campo \\u00e8 obbligatorio\",\"global_message\":\"This field is required\",\"global\":true}},\"email\":{\"required\":{\"value\":false,\"message\":\"Questo campo \\u00e8 obbligatorio\",\"global_message\":\"This field is required\",\"global\":true},\"email\":{\"value\":true,\"message\":\"Questo campo deve contenere un indirizzo email valido\",\"global_message\":\"This field must contain a valid email\",\"global\":true}},\"input_text_1\":{\"required\":{\"value\":false,\"message\":\"Questo campo \\u00e8 obbligatorio\",\"global_message\":\"This field is required\",\"global\":true}},\"input_text_2\":{\"required\":{\"value\":false,\"message\":\"Questo campo \\u00e8 obbligatorio\",\"global_message\":\"This field is required\",\"global\":true}},\"description\":{\"required\":{\"value\":false,\"message\":\"Questo campo \\u00e8 obbligatorio\",\"global_message\":\"This field is required\",\"global\":true}}},\"debounce_time\":300};\n                            <\/script>\n                        <\/div>\n\n            \t\t\t\t<\/div>\n\t\t\t\t<\/div>\n\t\t\t\t<\/div>\n\t\t\t\t<\/div>\n\t\t<div class=\"elementor-element elementor-element-412b39f e-con-full e-flex rt-parallax-bg-no e-con e-child\" data-id=\"412b39f\" data-element_type=\"container\">\n\t\t<div class=\"elementor-element elementor-element-acac988 e-con-full e-flex rt-parallax-bg-no e-con e-child\" data-id=\"acac988\" data-element_type=\"container\">\n\t\t\t\t<div class=\"elementor-element elementor-element-80e7f69 elementor-widget elementor-widget-google_maps\" data-id=\"80e7f69\" data-element_type=\"widget\" data-widget_type=\"google_maps.default\">\n\t\t\t\t\t\t\t<div class=\"elementor-custom-embed\">\n\t\t\t<iframe loading=\"lazy\"\n\t\t\t\t\tsrc=\"https:\/\/maps.google.com\/maps?q=Tri%20Dent%20Clinic%20-%20Dental%20Tourism&#038;t=m&#038;z=13&#038;output=embed&#038;iwloc=near\"\n\t\t\t\t\ttitle=\"Tri Dent Clinic - Dental Tourism\"\n\t\t\t\t\taria-label=\"Tri Dent Clinic - Dental Tourism\"\n\t\t\t><\/iframe>\n\t\t<\/div>\n\t\t\t\t\t\t<\/div>\n\t\t\t\t<\/div>\n\t\t\t\t<\/div>\n\t\t\t\t<\/div>\n\t\t\t\t\t<\/div>\n\t\t\t\t<\/div>\n\t\t\t\t<\/div>","protected":false},"excerpt":{"rendered":"<p>Na kontaktoni Na kontaktoni leht\u00ebsisht n\u00eb internet, me telefon ose duke ardhur tek ne Adresa Tri Dent Clinic &#8211; Dental Tourism, Elbasan, Shqip\u00ebri Telefoni +355 68 473 0268 E-mail info@tridentclinic.com Keni pyetje? Thjesht d\u00ebrgoni nj\u00eb mesazh ekipit ton\u00eb t\u00eb administratorit dhe ne do t&#8217;ju kthejm\u00eb p\u00ebrgjigje sa m\u00eb shpejt t\u00eb jet\u00eb e mundur. Contact Form [&hellip;]<\/p>","protected":false},"author":1,"featured_media":0,"parent":0,"menu_order":0,"comment_status":"closed","ping_status":"closed","template":"elementor_header_footer","meta":{"pagelayer_contact_templates":[],"_pagelayer_content":"","footnotes":""},"class_list":["post-11267","page","type-page","status-publish","hentry"],"_links":{"self":[{"href":"https:\/\/trident-clinic.com\/it\/wp-json\/wp\/v2\/pages\/11267","targetHints":{"allow":["GET"]}}],"collection":[{"href":"https:\/\/trident-clinic.com\/it\/wp-json\/wp\/v2\/pages"}],"about":[{"href":"https:\/\/trident-clinic.com\/it\/wp-json\/wp\/v2\/types\/page"}],"author":[{"embeddable":true,"href":"https:\/\/trident-clinic.com\/it\/wp-json\/wp\/v2\/users\/1"}],"replies":[{"embeddable":true,"href":"https:\/\/trident-clinic.com\/it\/wp-json\/wp\/v2\/comments?post=11267"}],"version-history":[{"count":0,"href":"https:\/\/trident-clinic.com\/it\/wp-json\/wp\/v2\/pages\/11267\/revisions"}],"wp:attachment":[{"href":"https:\/\/trident-clinic.com\/it\/wp-json\/wp\/v2\/media?parent=11267"}],"curies":[{"name":"wp","href":"https:\/\/api.w.org\/{rel}","templated":true}]}}