{"id":11621,"date":"2026-01-20T11:53:55","date_gmt":"2026-01-20T11:53:55","guid":{"rendered":"https:\/\/trident-clinic.com\/?page_id=11621"},"modified":"2026-01-25T23:20:31","modified_gmt":"2026-01-25T23:20:31","slug":"appointment","status":"publish","type":"page","link":"https:\/\/trident-clinic.com\/en\/appointment\/","title":{"rendered":"Book Your Appointment"},"content":{"rendered":"<div data-elementor-type=\"wp-page\" data-elementor-id=\"11621\" class=\"elementor elementor-11621\">\n\t\t\t\t<div class=\"elementor-element elementor-element-a15bf30 e-flex e-con-boxed rt-parallax-bg-no e-con e-parent\" data-id=\"a15bf30\" data-element_type=\"container\">\n\t\t\t\t\t<div class=\"e-con-inner\">\n\t\t<div class=\"elementor-element elementor-element-444736c e-con-full e-flex rt-parallax-bg-no e-con e-child\" data-id=\"444736c\" data-element_type=\"container\">\n\t\t<div class=\"elementor-element elementor-element-bc01c4b e-con-full sidebar-sticky e-flex rt-parallax-bg-no e-con e-child\" data-id=\"bc01c4b\" data-element_type=\"container\">\n\t\t<div class=\"elementor-element elementor-element-664a167 e-con-full animated-slow e-flex rt-parallax-bg-no elementor-invisible e-con e-child\" data-id=\"664a167\" data-element_type=\"container\" data-settings=\"{&quot;background_background&quot;:&quot;classic&quot;,&quot;animation&quot;:&quot;fadeInUp&quot;}\">\n\t\t\t\t<div class=\"elementor-element elementor-element-9616ce3 elementor-invisible elementor-widget elementor-widget-rt-title\" data-id=\"9616ce3\" data-element_type=\"widget\" data-widget_type=\"rt-title.default\">\n\t\t\t\t<div class=\"elementor-widget-container\">\n\t\t\t\t\t<div class=\"section-title-wrapper\">\r\n\t<div class=\"title-inner-wrapper ah-headline\">\r\n        \t\t<!--Top Sub Title-->\r\n\t\t\r\n\t\t<!--Main Title-->\r\n\t\t        <div class=\"wow-off fadeInUp\" data-wow-delay=\"400ms\" data-wow-duration=\"1200ms\">\r\n            <h2 class=\"main-title title-gradient-animation  line-shape has-animation middle\">We always care about your smile and self-confidence.                            <\/h2>\r\n        <\/div>\r\n        \r\n        <!--Description-->\r\n        \r\n\t        <\/div>\r\n<\/div>\t\t\t\t<\/div>\n\t\t\t\t<\/div>\n\t\t\t\t<div class=\"elementor-element elementor-element-5ee5215 elementor-invisible elementor-widget elementor-widget-rt-info-box\" data-id=\"5ee5215\" data-element_type=\"widget\" data-widget_type=\"rt-info-box.default\">\n\t\t\t\t<div class=\"elementor-widget-container\">\n\t\t\t\t\t\r\n<div class=\"rt-info-box rt-info-layout-2\" data-parallax='{\"y\" : , \"x\" : }'>\r\n    <div class=\"info-box wow-off fadeInUp\" data-wow-delay=\"200ms\" data-wow-duration=\"1200ms\">\r\n\t\t            <div class=\"info-icon-holder icon-holder\">\r\n                <div class=\"info-icon\">\r\n\t\t            <svg xmlns=\"http:\/\/www.w3.org\/2000\/svg\" width=\"20\" height=\"20\" viewbox=\"0 0 20 20\" fill=\"none\"><path fill-rule=\"evenodd\" clip-rule=\"evenodd\" d=\"M13.9725 19C13.7947 19 13.617 19 13.4281 18.9778C12.4947 18.9 11.4836 18.6444 10.417 18.2111C8.49474 17.4222 6.57252 16.1333 5.2614 14.7667C3.87252 13.4444 2.58363 11.5222 1.79474 9.58889C1.3614 8.52222 1.10585 7.51111 1.02807 6.57778C0.939182 5.48889 1.10585 4.54444 1.52807 3.76667C1.61696 3.6 1.72807 3.45556 1.8614 3.32222L3.61696 1.56667C3.98363 1.2 4.45029 1 4.97252 1C5.53918 1 6.01696 1.22222 6.37252 1.61111L8.63918 4.06667C9.33918 4.82222 9.31696 5.98889 8.59474 6.72222L7.12807 8.18889C7.00585 8.32222 6.95029 8.46667 6.97252 8.65555C7.11696 9.61111 7.61696 10.5333 8.50585 11.4667C9.4614 12.3778 10.3836 12.8889 11.3392 13.0222H11.3836C11.5947 13.0222 11.7058 12.9667 11.8058 12.8667L13.2725 11.4C13.6392 11.0333 14.117 10.8333 14.6281 10.8333C15.1058 10.8333 15.5725 11.0111 15.9281 11.3444L18.3836 13.6111C18.7725 13.9778 18.9836 14.4444 18.9947 14.9778C19.0058 15.5111 18.8058 15.9889 18.4392 16.3667L16.6836 18.1333C16.5503 18.2667 16.4058 18.3778 16.2392 18.4667C15.5947 18.8111 14.8392 18.9889 13.9725 18.9889V19ZM4.97252 2.37778C4.81696 2.37778 4.70585 2.42222 4.59474 2.53333L2.83918 4.3C2.83918 4.3 2.77252 4.36667 2.75029 4.42222C1.43918 6.86667 3.91696 11.5667 6.20585 13.7444C8.01696 15.6444 11.4503 17.6333 13.9725 17.6333C14.6058 17.6333 15.1503 17.5111 15.5947 17.2667C15.6503 17.2333 15.6836 17.2111 15.717 17.1778L17.4836 15.4222C17.5947 15.3111 17.6503 15.1889 17.6392 15.0333C17.6281 14.8778 17.5836 14.7556 17.4725 14.6444L15.017 12.3778C14.917 12.2889 14.7836 12.2333 14.6503 12.2333C14.5058 12.2333 14.3725 12.2889 14.2725 12.3889L12.8058 13.8556C12.4392 14.2222 11.9725 14.4222 11.4614 14.4222C11.3614 14.4222 11.2614 14.4222 11.1614 14.4C9.91696 14.2111 8.75029 13.5889 7.60585 12.5C6.43918 11.2778 5.81696 10.1111 5.63918 8.86667C5.55029 8.25556 5.73918 7.66667 6.17252 7.23333L7.63918 5.76667C7.83918 5.55556 7.85029 5.23333 7.65029 5.02222L5.37252 2.55556C5.2614 2.43333 5.15029 2.38889 4.98363 2.38889V2.27778L4.97252 2.38889V2.37778Z\" fill=\"white\"><\/path><\/svg>                <\/div>\r\n            <\/div>\r\n\t\t\r\n        <div class=\"info-content-holder\">\r\n\t\t\t            <h3 class=\"info-title\"><a >Contact number:<\/a><\/h3>\r\n\t                                    <div class=\"content-holder\"><p>+355 68 473 0268<\/p><\/div>\r\n                                <\/div>\r\n    <\/div>\r\n<\/div>\t\t\t\t<\/div>\n\t\t\t\t<\/div>\n\t\t\t\t<div class=\"elementor-element elementor-element-48b2cb0 elementor-invisible elementor-widget elementor-widget-rt-info-box\" data-id=\"48b2cb0\" data-element_type=\"widget\" data-widget_type=\"rt-info-box.default\">\n\t\t\t\t<div class=\"elementor-widget-container\">\n\t\t\t\t\t\r\n<div class=\"rt-info-box rt-info-layout-2\" data-parallax='{\"y\" : , \"x\" : }'>\r\n    <div class=\"info-box wow-off fadeInUp\" data-wow-delay=\"200ms\" data-wow-duration=\"1200ms\">\r\n\t\t            <div class=\"info-icon-holder icon-holder\">\r\n                <div class=\"info-icon\">\r\n\t\t            <svg xmlns=\"http:\/\/www.w3.org\/2000\/svg\" width=\"20\" height=\"20\" viewbox=\"0 0 20 20\" fill=\"none\"><path d=\"M9.64 19.28C4.32 19.28 0 14.95 0 9.64C0 4.33 4.32 0 9.64 0C14.96 0 19.28 4.32 19.28 9.64C19.28 14.96 14.96 19.28 9.64 19.28ZM9.64 1.5C5.15 1.5 1.5 5.15 1.5 9.64C1.5 14.13 5.15 17.78 9.64 17.78C14.13 17.78 17.78 14.13 17.78 9.64C17.78 5.15 14.13 1.5 9.64 1.5ZM13.19 12.17C13.08 12.17 12.96 12.14 12.86 12.09L9.31 10.31C9.06 10.18 8.9 9.92 8.9 9.64V4.31C8.9 3.9 9.24 3.56 9.65 3.56C10.06 3.56 10.4 3.9 10.4 4.31V9.18L13.54 10.75C13.91 10.94 14.06 11.39 13.87 11.76C13.74 12.02 13.47 12.17 13.2 12.17H13.19Z\" fill=\"white\"><\/path><\/svg>                <\/div>\r\n            <\/div>\r\n\t\t\r\n        <div class=\"info-content-holder\">\r\n\t\t\t            <h3 class=\"info-title\"><a >E hene - E premte<\/a><\/h3>\r\n\t                                    <div class=\"content-holder\"><p>08:00am - 06:30pm<\/p><\/div>\r\n                                <\/div>\r\n    <\/div>\r\n<\/div>\t\t\t\t<\/div>\n\t\t\t\t<\/div>\n\t\t\t\t<div class=\"elementor-element elementor-element-260d40e elementor-invisible elementor-widget elementor-widget-rt-info-box\" data-id=\"260d40e\" data-element_type=\"widget\" data-widget_type=\"rt-info-box.default\">\n\t\t\t\t<div class=\"elementor-widget-container\">\n\t\t\t\t\t\r\n<div class=\"rt-info-box rt-info-layout-2\" data-parallax='{\"y\" : , \"x\" : }'>\r\n    <div class=\"info-box wow-off fadeInUp\" data-wow-delay=\"200ms\" data-wow-duration=\"1200ms\">\r\n\t\t            <div class=\"info-icon-holder icon-holder\">\r\n                <div class=\"info-icon\">\r\n\t\t            <svg xmlns=\"http:\/\/www.w3.org\/2000\/svg\" width=\"20\" height=\"20\" viewbox=\"0 0 20 20\" fill=\"none\"><path d=\"M9.64 19.28C4.32 19.28 0 14.95 0 9.64C0 4.33 4.32 0 9.64 0C14.96 0 19.28 4.32 19.28 9.64C19.28 14.96 14.96 19.28 9.64 19.28ZM9.64 1.5C5.15 1.5 1.5 5.15 1.5 9.64C1.5 14.13 5.15 17.78 9.64 17.78C14.13 17.78 17.78 14.13 17.78 9.64C17.78 5.15 14.13 1.5 9.64 1.5ZM13.19 12.17C13.08 12.17 12.96 12.14 12.86 12.09L9.31 10.31C9.06 10.18 8.9 9.92 8.9 9.64V4.31C8.9 3.9 9.24 3.56 9.65 3.56C10.06 3.56 10.4 3.9 10.4 4.31V9.18L13.54 10.75C13.91 10.94 14.06 11.39 13.87 11.76C13.74 12.02 13.47 12.17 13.2 12.17H13.19Z\" fill=\"white\"><\/path><\/svg>                <\/div>\r\n            <\/div>\r\n\t\t\r\n        <div class=\"info-content-holder\">\r\n\t\t\t            <h3 class=\"info-title\"><a >Saturday<\/a><\/h3>\r\n\t                                    <div class=\"content-holder\"><p>08:00am - 02:00pm<\/p><\/div>\r\n                                <\/div>\r\n    <\/div>\r\n<\/div>\t\t\t\t<\/div>\n\t\t\t\t<\/div>\n\t\t\t\t<\/div>\n\t\t\t\t<\/div>\n\t\t<div class=\"elementor-element elementor-element-7fe3ede e-con-full e-flex rt-parallax-bg-no e-con e-child\" data-id=\"7fe3ede\" data-element_type=\"container\">\n\t\t<div class=\"elementor-element elementor-element-1affa01 e-con-full e-flex rt-parallax-bg-no e-con e-child\" data-id=\"1affa01\" data-element_type=\"container\">\n\t\t\t\t<div class=\"elementor-element elementor-element-cec9b93 elementor-invisible elementor-widget elementor-widget-rt-title\" data-id=\"cec9b93\" data-element_type=\"widget\" data-widget_type=\"rt-title.default\">\n\t\t\t\t<div class=\"elementor-widget-container\">\n\t\t\t\t\t<div class=\"section-title-wrapper\">\r\n\t<div class=\"title-inner-wrapper ah-headline\">\r\n        \t\t<!--Top Sub Title-->\r\n\t\t\r\n\t\t<!--Main Title-->\r\n\t\t        <div class=\"wow fadeInUp\" data-wow-delay=\"400ms\" data-wow-duration=\"1200ms\">\r\n            <h2 class=\"main-title title-gradient-animation no no middle center\">Book your dental appointment online                            <\/h2>\r\n        <\/div>\r\n        \r\n        <!--Description-->\r\n                    <div class=\"description wow fadeInUp\" data-wow-delay=\"600ms\" data-wow-duration=\"1200ms\"><p>Fill out the form below to request your dental appointment. We will confirm your time and send you a reminder.<\/p><\/div>\r\n        \r\n\t        <\/div>\r\n<\/div>\t\t\t\t<\/div>\n\t\t\t\t<\/div>\n\t\t\t\t<div class=\"elementor-element elementor-element-e7407c6 fluentform-widget-submit-button-custom elementor-widget elementor-widget-fluent-form-widget\" data-id=\"e7407c6\" data-element_type=\"widget\" data-widget_type=\"fluent-form-widget.default\">\n\t\t\t\t<div class=\"elementor-widget-container\">\n\t\t\t\t\t\n            <div class=\"fluentform-widget-wrapper fluentform-widget-align-default\">\n\n            \n            <div class='fluentform ff-default fluentform_wrapper_8 ffs_default_wrap'><form data-form_id=\"8\" id=\"fluentform_8\" class=\"frm-fluent-form fluent_form_8 ff-el-form-top ff_form_instance_8_1 ff-form-loading ffs_default\" data-form_instance=\"ff_form_instance_8_1\" method=\"POST\" action=\"\" ><fieldset  style=\"border: none!important;margin: 0!important;padding: 0!important;background-color: transparent!important;box-shadow: none!important;outline: none!important; min-inline-size: 100%;\">\n                    <legend class=\"ff_screen_reader_title\" style=\"display: block; margin: 0!important;padding: 0!important;height: 0!important;text-indent: -999999px;width: 0!important;overflow:hidden;\">Book an appointment Three<\/legend><p style=\"display: none !important;\" class=\"akismet-fields-container\" data-prefix=\"ak_\"><label>&#916;<textarea name=\"ak_hp_textarea\" cols=\"45\" rows=\"8\" maxlength=\"100\"><\/textarea><\/label><input type=\"hidden\" id=\"ak_js_1\" name=\"ak_js\" value=\"30\"\/><script>document.getElementById( \"ak_js_1\" ).setAttribute( \"value\", ( new Date() ).getTime() );<\/script><\/p><input type='hidden' name='__fluent_form_embded_post_id' value='11621' \/><input type=\"hidden\" id=\"_fluentform_8_fluentformnonce\" name=\"_fluentform_8_fluentformnonce\" value=\"118a397148\" \/><input type=\"hidden\" name=\"_wp_http_referer\" value=\"\/en\/wp-json\/wp\/v2\/pages\/11621\" \/><div data-name=\"ff_cn_id_1\"  class='ff-t-container ff-column-container ff_columns_total_2'><div class='ff-t-cell ff-t-column-1' style='flex-basis: 50.2%;'><div class='ff-el-group ff-el-form-hide_label'><div class=\"ff-el-input--label ff-el-is-required asterisk-right\"><label for='ff_8_input_text' id='label_ff_8_input_text' aria-label=\"Text Input\">Text Input<\/label><\/div><div class='ff-el-input--content'><input type=\"text\" name=\"input_text\" class=\"ff-el-form-control\" placeholder=\"Write your name.\" data-name=\"input_text\" id=\"ff_8_input_text\"  aria-invalid=\"false\" aria-required=\"true\"><\/div><\/div><\/div><div class='ff-t-cell ff-t-column-2' style='flex-basis: 49.8%;'><div class='ff-el-group ff-el-form-hide_label'><div class=\"ff-el-input--label asterisk-right\"><label for='ff_8_email' id='label_ff_8_email' aria-label=\"Email\">Email<\/label><\/div><div class='ff-el-input--content'><input type=\"email\" name=\"email\" id=\"ff_8_email\" class=\"ff-el-form-control\" placeholder=\"E-mail\" data-name=\"email\"  aria-invalid=\"false\" aria-required=\"false\"><\/div><\/div><\/div><\/div><div data-name=\"ff_cn_id_2\"  class='ff-t-container ff-column-container ff_columns_total_2'><div class='ff-t-cell ff-t-column-1' style='flex-basis: 50.2%;'><div class='ff-el-group ff-el-form-hide_label'><div class=\"ff-el-input--label asterisk-right\"><label for='ff_8_input_text_3' id='label_ff_8_input_text_3' aria-label=\"Text Input\">Text Input<\/label><\/div><div class='ff-el-input--content'><input type=\"text\" name=\"input_text_3\" class=\"ff-el-form-control\" placeholder=\"Phone number\" data-name=\"input_text_3\" id=\"ff_8_input_text_3\"  aria-invalid=\"false\" aria-required=\"false\"><\/div><\/div><\/div><div class='ff-t-cell ff-t-column-2' style='flex-basis: 49.8%;'><div class='ff-el-group ff-el-form-hide_label'><div class=\"ff-el-input--label asterisk-right\"><label for='ff_8_dropdown_1' id='label_ff_8_dropdown_1' aria-label=\"Dropdown\">Dropdown<\/label><\/div><div class='ff-el-input--content'><select name=\"dropdown_1\" id=\"ff_8_dropdown_1\" class=\"ff-el-form-control\" data-name=\"dropdown_1\" data-calc_value=\"0\"  aria-invalid=\"false\" aria-required=\"false\" aria-labelledby=\"label_ff_8_dropdown_1\"><option value=\"\">Select service<\/option><option value=\"Implante dentare\"  >Dental implants<\/option><option value=\"Trajtime t\u00eb P\u00ebrgjithshme\"  >General Treatments<\/option><option value=\"Stomatologjia Estetike\"  >Aesthetic Dentistry<\/option><option value=\"Kirurgji Orale\"  >Oral Surgery<\/option><option value=\"Aparatet Dentare\"  >Dental appliances<\/option><option value=\"Trajtimi i F\u00ebmij\u00ebve\"  >Treatment of Children<\/option><option value=\"Trajtime Higjenike\"  >Hygiene Treatments<\/option><option value=\"Fasetat e porcelanit\"  >Porcelain veneers<\/option><option value=\" Kurora dhe Ura\"  >Crowns and Bridges<\/option><\/select><\/div><\/div><\/div><\/div><div data-name=\"ff_cn_id_3\"  class='ff-t-container ff-column-container ff_columns_total_2'><div class='ff-t-cell ff-t-column-1' style='flex-basis: 50.2%;'><div class='ff-el-group ff-el-form-hide_label'><div class=\"ff-el-input--label asterisk-right\"><label for='ff_8_datetime' id='label_ff_8_datetime' aria-label=\"Date \/ Time\">Date \/ Time<\/label><\/div><div class='ff-el-input--content'><input  aria-label='Date \/ Time Use arrow keys to navigate dates. Press enter to select a date.'  aria-haspopup='dialog' data-type-datepicker data-format='d\/m\/Y' type=\"text\" name=\"datetime\" id=\"ff_8_datetime\" class=\"ff-el-form-control ff-el-datepicker\" placeholder=\"dd\/mm\/yyyy\" data-name=\"datetime\"  aria-invalid='false' aria-required=\"false\"><\/div><\/div><\/div><div class='ff-t-cell ff-t-column-2' style='flex-basis: 49.8%;'><div class='ff-el-group ff-el-form-hide_label'><div class=\"ff-el-input--label asterisk-right\"><label for='ff_8_input_text_2' id='label_ff_8_input_text_2' aria-label=\"Text Input\">Text Input<\/label><\/div><div class='ff-el-input--content'><input type=\"text\" name=\"input_text_2\" class=\"ff-el-form-control\" placeholder=\"Select the time\" data-name=\"input_text_2\" id=\"ff_8_input_text_2\"  aria-invalid=\"false\" aria-required=\"false\"><\/div><\/div><\/div><\/div><div class='ff-el-group ff-el-form-hide_label'><div class=\"ff-el-input--label asterisk-right\"><label for='ff_8_description' id='label_ff_8_description' aria-label=\"Comments\">Comments<\/label><\/div><div class='ff-el-input--content'><textarea aria-required=\"false\" aria-labelledby=\"label_ff_8_description\" name=\"description\" id=\"ff_8_description\" class=\"ff-el-form-control\" placeholder=\"comment\" rows=\"3\" cols=\"2\" data-name=\"description\" ><\/textarea><\/div><\/div><div class='ff-el-group ff-text-left ff_submit_btn_wrapper'><button type=\"submit\" class=\"ff-btn ff-btn-submit ff-btn-md ff_btn_style\"  aria-label=\"Book now\">Book now<\/button><\/div><\/fieldset><input type=\"hidden\" name=\"trp-form-language\" value=\"en\"\/><\/form><div id='fluentform_8_errors' class='ff-errors-in-stack ff_form_instance_8_1 ff-form-loading_errors ff_form_instance_8_1_errors'><\/div><\/div>            <script type=\"text\/javascript\">\n                window.fluent_form_ff_form_instance_8_1 = {\"id\":\"8\",\"settings\":{\"layout\":{\"labelPlacement\":\"top\",\"asteriskPlacement\":\"asterisk-right\",\"helpMessagePlacement\":\"with_label\",\"errorMessagePlacement\":\"inline\",\"cssClassName\":\"\"},\"restrictions\":{\"denyEmptySubmission\":{\"enabled\":false}}},\"form_instance\":\"ff_form_instance_8_1\",\"form_id_selector\":\"fluentform_8\",\"rules\":{\"input_text\":{\"required\":{\"value\":true,\"message\":\"This field is required\",\"global_message\":\"This field is required\",\"global\":true}},\"email\":{\"required\":{\"value\":false,\"message\":\"This field is required\",\"global_message\":\"This field is required\",\"global\":true},\"email\":{\"value\":true,\"message\":\"This field must contain a valid email\",\"global_message\":\"This field must contain a valid email\",\"global\":true}},\"input_text_3\":{\"required\":{\"value\":false,\"message\":\"This field is required\",\"global_message\":\"This field is required\",\"global\":true}},\"dropdown_1\":{\"required\":{\"value\":false,\"message\":\"This field is required\",\"global_message\":\"This field is required\",\"global\":true}},\"datetime\":{\"required\":{\"value\":false,\"message\":\"This field is required\",\"global_message\":\"This field is required\",\"global\":true}},\"input_text_2\":{\"required\":{\"value\":false,\"message\":\"This field is required\",\"global_message\":\"This field is required\",\"global\":true}},\"description\":{\"required\":{\"value\":false,\"message\":\"This field is required\",\"global_message\":\"This field is required\",\"global\":true}}},\"debounce_time\":300};\n                            <\/script>\n                        <\/div>\n\n            \t\t\t\t<\/div>\n\t\t\t\t<\/div>\n\t\t\t\t<\/div>\n\t\t\t\t<\/div>\n\t\t\t\t<\/div>\n\t\t\t\t\t<\/div>\n\t\t\t\t<\/div>\n\t\t\t\t<\/div>","protected":false},"excerpt":{"rendered":"<p>Ne kujdesemi gjithmon\u00eb p\u00ebr buz\u00ebqeshjen dhe vet\u00ebbesimin tuaj Numer kontakti: +355 68 473 0268 E hene &#8211; E premte 08:00am &#8211; 06:30pm E shtune 08:00am &#8211; 02:00pm Rezervoni vizit\u00ebn tuaj dentare online Plot\u00ebsoni formularin m\u00eb posht\u00eb p\u00ebr t\u00eb k\u00ebrkuar takimin tuaj te dentisti. Ne do t\u00eb konfirmojm\u00eb koh\u00ebn tuaj dhe do t&#8217;ju d\u00ebrgojm\u00eb nj\u00eb njoftim [&hellip;]<\/p>","protected":false},"author":1,"featured_media":0,"parent":0,"menu_order":0,"comment_status":"closed","ping_status":"closed","template":"elementor_header_footer","meta":{"pagelayer_contact_templates":[],"_pagelayer_content":"","footnotes":""},"class_list":["post-11621","page","type-page","status-publish","hentry"],"_links":{"self":[{"href":"https:\/\/trident-clinic.com\/en\/wp-json\/wp\/v2\/pages\/11621","targetHints":{"allow":["GET"]}}],"collection":[{"href":"https:\/\/trident-clinic.com\/en\/wp-json\/wp\/v2\/pages"}],"about":[{"href":"https:\/\/trident-clinic.com\/en\/wp-json\/wp\/v2\/types\/page"}],"author":[{"embeddable":true,"href":"https:\/\/trident-clinic.com\/en\/wp-json\/wp\/v2\/users\/1"}],"replies":[{"embeddable":true,"href":"https:\/\/trident-clinic.com\/en\/wp-json\/wp\/v2\/comments?post=11621"}],"version-history":[{"count":0,"href":"https:\/\/trident-clinic.com\/en\/wp-json\/wp\/v2\/pages\/11621\/revisions"}],"wp:attachment":[{"href":"https:\/\/trident-clinic.com\/en\/wp-json\/wp\/v2\/media?parent=11621"}],"curies":[{"name":"wp","href":"https:\/\/api.w.org\/{rel}","templated":true}]}}